{"id":184,"date":"2023-01-12T11:22:13","date_gmt":"2023-01-12T11:22:13","guid":{"rendered":"https:\/\/kozleo.lkg-bp.hu\/?page_id=184"},"modified":"2025-09-16T19:00:32","modified_gmt":"2025-09-16T19:00:32","slug":"rolunk","status":"publish","type":"page","link":"https:\/\/kozleo.lkg-bp.hu\/?page_id=184","title":{"rendered":"R\u00f3lunk"},"content":{"rendered":"\n<p>Le\u00f6veyLap, ALap, Le\u00f6Lap, Clara Lux, most K\u00f6zLe\u00f6. Ezzel a n\u00e9vvel sz\u00fcletik \u00fajj\u00e1\/folytat\u00f3dik az LKG-r\u00f3l sz\u00f3l\u00f3 di\u00e1k\u00fajs\u00e1g.<\/p>\n\n\n\n<p>Iskol\u00e1nk eredm\u00e9nyes iskol\u00e1nak mondhat\u00f3, a felv\u00e9teliz\u0151 \u00e9s versenyz\u0151 di\u00e1kokb\u00f3l kiindulva. Az eredm\u00e9nyess\u00e9g\u00fcnk\u00e9rt \u2013 hogy \u0151szint\u00e9k legy\u00fcnk \u2013 nagyon sokat dolgozunk. Ezt a weboldalt az\u00e9rt hoztuk l\u00e9tre, hogy \u00f6sszefoglal\u00f3 k\u00e9pet adhassunk di\u00e1kt\u00e1rsaink \u00e9s tan\u00e1raink \u00e9let\u00e9r\u0151l, hogy naprak\u00e9sz inform\u00e1ci\u00f3kkal szolg\u00e1lhassunk tanul\u00e1s \u00e9s kikapcsol\u00f3d\u00e1s ter\u00e9n egyar\u00e1nt. B\u00edzunk benne, hogy \u00fajs\u00e1gunk \u00e1ltal jobban megismered azokat, akikkel nap mint nap tal\u00e1lkozol! Ha k\u00edv\u00e1ncsi vagy, milyen le\u00f6veysnek lenni, olvass bele \u00edr\u00e1sainkba! K\u00f6z\u00f6ss\u00e9gi oldalakon haszn\u00e1lj\u00e1tok \u00e9s keress\u00e9tek a <em>#leoveyflow #leoveylife<strong> <\/strong><\/em>hashtageket. <\/p>\n\n\n\n<p><\/p>\n\n\n\n<p class=\"has-text-align-center has-medium-font-size\"><strong>Impresszum<\/strong><\/p>\n\n\n\n<p>K\u00f6zLe\u00f6 \u2013 a le\u00f6veysek di\u00e1k\u00fajs\u00e1ga<\/p>\n\n\n\n<p>2023\/24-as tan\u00e9v<\/p>\n\n\n\n<p>F\u0151szerkeszt\u0151: Nguyen Cong Tai (12.B)<\/p>\n\n\n\n<p>F\u0151szerkeszt\u0151 helyettes: Jacs\u00f3 Emma (10.C)<\/p>\n\n\n\n<p>Felel\u0151s tan\u00e1rok, lektorok: Hadarits Zsombor, Hunyadi Barbara<\/p>\n\n\n\n<p>Szerkeszt\u0151k:<\/p>\n\n\n\n<ul class=\"wp-block-list\">\n<li>Auffenberg Bogl\u00e1rka (9.E)<\/li>\n\n\n\n<li>Balog B\u00e1lint Vendel (12.C)<\/li>\n\n\n\n<li>Kov\u00e1cs Dalma (9.C) <\/li>\n\n\n\n<li>Szurap Imola (9.C)<\/li>\n\n\n\n<li>Tak\u00e1cs Lili (9.C)<\/li>\n\n\n\n<li>T\u00f3th R\u00e9ka Fl\u00f3ra (9.C)<\/li>\n\n\n\n<li>B\u00fcrger \u00c1d\u00e1m (12.A)<\/li>\n\n\n\n<li>Fernandes-Sutus Anina (10.C)<\/li>\n\n\n\n<li>Borcsik No\u00e9mi (12.B)<\/li>\n\n\n\n<li>Sz\u0151ke Bende (12.A)<\/li>\n\n\n\n<li>Szentp\u00e9teri M\u00e1ty\u00e1s (12.A)<\/li>\n\n\n\n<li>Tuli D\u00e1vid (12.A)<\/li>\n<\/ul>\n\n\n\n<p>El\u00e9rhet\u0151s\u00e9geink: <a rel=\"noreferrer noopener\" href=\"mailto:kozleo@lkg-bp.hu\" target=\"_blank\">kozleo@lkg-bp.hu<\/a><\/p>\n\n\n\n<p>Instagram: <a href=\"https:\/\/www.instagram.com\/kozleo.leovey\/\">kozleo.leovey<\/a> <\/p>\n\n\n\n<p><strong>Megosztan\u00e1d m\u00e1sokkal \u00edr\u00e1saidat (cikkek, irodalmi alkot\u00e1sok stb.), k\u00e9peidet (m\u0171v\u00e9szi alkot\u00e1sok)?<\/strong><\/p>\n\n\n\n<p><\/p>\n\n\n<div class=\"wp-block-image\">\n<figure class=\"aligncenter size-large is-resized\"><img fetchpriority=\"high\" decoding=\"async\" width=\"724\" height=\"1024\" src=\"https:\/\/kozleo.lkg-bp.hu\/wp-content\/uploads\/2023\/11\/kozleo-poster-min-724x1024.jpg\" alt=\"\" class=\"wp-image-818\" style=\"width:436px;height:auto\" srcset=\"https:\/\/kozleo.lkg-bp.hu\/wp-content\/uploads\/2023\/11\/kozleo-poster-min-724x1024.jpg 724w, https:\/\/kozleo.lkg-bp.hu\/wp-content\/uploads\/2023\/11\/kozleo-poster-min-212x300.jpg 212w, https:\/\/kozleo.lkg-bp.hu\/wp-content\/uploads\/2023\/11\/kozleo-poster-min-768x1086.jpg 768w, https:\/\/kozleo.lkg-bp.hu\/wp-content\/uploads\/2023\/11\/kozleo-poster-min-1086x1536.jpg 1086w, https:\/\/kozleo.lkg-bp.hu\/wp-content\/uploads\/2023\/11\/kozleo-poster-min-1448x2048.jpg 1448w, https:\/\/kozleo.lkg-bp.hu\/wp-content\/uploads\/2023\/11\/kozleo-poster-min-300x424.jpg 300w, https:\/\/kozleo.lkg-bp.hu\/wp-content\/uploads\/2023\/11\/kozleo-poster-min-850x1202.jpg 850w, https:\/\/kozleo.lkg-bp.hu\/wp-content\/uploads\/2023\/11\/kozleo-poster-min-17x24.jpg 17w, https:\/\/kozleo.lkg-bp.hu\/wp-content\/uploads\/2023\/11\/kozleo-poster-min-25x36.jpg 25w, https:\/\/kozleo.lkg-bp.hu\/wp-content\/uploads\/2023\/11\/kozleo-poster-min-34x48.jpg 34w, https:\/\/kozleo.lkg-bp.hu\/wp-content\/uploads\/2023\/11\/kozleo-poster-min-scaled.jpg 1810w\" sizes=\"(max-width: 724px) 100vw, 724px\" \/><\/figure>\n<\/div>\n\n\n<p><\/p>\n\n\n\n<p><strong>Keress meg minket!<\/strong>&nbsp;Az alkot\u00e1sokat eljuttathatod hozz\u00e1nk&nbsp;Instagramon vagy e-mailen kereszt\u00fcl, de szem\u00e9lyesen is megkereshetsz minket. Mindent elfogadunk. Arra k\u00e9r\u00fcnk, hogy olvasd el figyelmesen az al\u00e1bbi sorokat!<\/p>\n\n\n\n<p><strong>Szem\u00e9lyesen:<\/strong>&nbsp;Keresd szerkeszt\u0151ink egyik\u00e9t,&nbsp;vagy Hunyadi Barbara k\u00f6nyvt\u00e1rpedag\u00f3gust vagy Hadarits Zsombor Tan\u00e1r urat \u00e9s add \u00e1t egy pendrive-on.<\/p>\n\n\n\n<p><strong>Interneten kereszt\u00fcl:<\/strong>&nbsp;K\u00fcldd el Instagramon vagy e-mailen! Ne feledd felt\u00fcntetni a lev\u00e9lben<br>t\u00e1rgy: Cikk felad\u00e1sa<br>nevedet \u00e9s ha le\u00f6veys vagy\/volt\u00e1l, az oszt\u00e1lyodat\/v\u00e9gz\u00e9sed \u00e9v\u00e9t<br>internetes el\u00e9rhet\u0151s\u00e9gedet<br>\u00e9s, hogy melyik rovatba sz\u00e1nod a munk\u00e1d<\/p>\n\n\n\n<p>Kellemes n\u00e9zel\u0151d\u00e9st \u00e9s k\u00f6sz\u00f6nj\u00fck!<\/p>\n","protected":false},"excerpt":{"rendered":"<p>Le\u00f6veyLap, ALap, Le\u00f6Lap, Clara Lux, most K\u00f6zLe\u00f6. Ezzel a n\u00e9vvel sz\u00fcletik \u00fajj\u00e1\/folytat\u00f3dik az LKG-r\u00f3l sz\u00f3l\u00f3 di\u00e1k\u00fajs\u00e1g. Iskol\u00e1nk eredm\u00e9nyes iskol\u00e1nak mondhat\u00f3, a felv\u00e9teliz\u0151 \u00e9s versenyz\u0151 di\u00e1kokb\u00f3l kiindulva. Az eredm\u00e9nyess\u00e9g\u00fcnk\u00e9rt \u2013 hogy&#8230;<\/p>\n","protected":false},"author":2,"featured_media":0,"parent":0,"menu_order":0,"comment_status":"closed","ping_status":"closed","template":"","meta":{"footnotes":""},"class_list":["post-184","page","type-page","status-publish","hentry"],"yoast_head":"<!-- This site is optimized with the Yoast SEO plugin v23.3 - https:\/\/yoast.com\/wordpress\/plugins\/seo\/ -->\n<title>R\u00f3lunk - K\u00f6zLe\u00f6<\/title>\n<meta name=\"robots\" content=\"index, follow, max-snippet:-1, max-image-preview:large, max-video-preview:-1\" \/>\n<link rel=\"canonical\" href=\"https:\/\/kozleo.lkg-bp.hu\/?page_id=184\" \/>\n<meta property=\"og:locale\" content=\"hu_HU\" \/>\n<meta property=\"og:type\" content=\"article\" \/>\n<meta property=\"og:title\" content=\"R\u00f3lunk - K\u00f6zLe\u00f6\" \/>\n<meta property=\"og:description\" content=\"Le\u00f6veyLap, ALap, Le\u00f6Lap, Clara Lux, most K\u00f6zLe\u00f6. Ezzel a n\u00e9vvel sz\u00fcletik \u00fajj\u00e1\/folytat\u00f3dik az LKG-r\u00f3l sz\u00f3l\u00f3 di\u00e1k\u00fajs\u00e1g. Iskol\u00e1nk eredm\u00e9nyes iskol\u00e1nak mondhat\u00f3, a felv\u00e9teliz\u0151 \u00e9s versenyz\u0151 di\u00e1kokb\u00f3l kiindulva. Az eredm\u00e9nyess\u00e9g\u00fcnk\u00e9rt \u2013 hogy...\" \/>\n<meta property=\"og:url\" content=\"https:\/\/kozleo.lkg-bp.hu\/?page_id=184\" \/>\n<meta property=\"og:site_name\" content=\"K\u00f6zLe\u00f6\" \/>\n<meta property=\"article:modified_time\" content=\"2025-09-16T19:00:32+00:00\" \/>\n<meta property=\"og:image\" content=\"https:\/\/kozleo.lkg-bp.hu\/wp-content\/uploads\/2023\/11\/kozleo-poster-min-724x1024.jpg\" \/>\n<meta name=\"twitter:card\" content=\"summary_large_image\" \/>\n<meta name=\"twitter:label1\" content=\"Becs\u00fclt olvas\u00e1si id\u0151\" \/>\n\t<meta name=\"twitter:data1\" content=\"2 perc\" \/>\n<script type=\"application\/ld+json\" class=\"yoast-schema-graph\">{\"@context\":\"https:\/\/schema.org\",\"@graph\":[{\"@type\":\"WebPage\",\"@id\":\"https:\/\/kozleo.lkg-bp.hu\/?page_id=184\",\"url\":\"https:\/\/kozleo.lkg-bp.hu\/?page_id=184\",\"name\":\"R\u00f3lunk - K\u00f6zLe\u00f6\",\"isPartOf\":{\"@id\":\"https:\/\/kozleo.lkg-bp.hu\/#website\"},\"primaryImageOfPage\":{\"@id\":\"https:\/\/kozleo.lkg-bp.hu\/?page_id=184#primaryimage\"},\"image\":{\"@id\":\"https:\/\/kozleo.lkg-bp.hu\/?page_id=184#primaryimage\"},\"thumbnailUrl\":\"https:\/\/kozleo.lkg-bp.hu\/wp-content\/uploads\/2023\/11\/kozleo-poster-min-724x1024.jpg\",\"datePublished\":\"2023-01-12T11:22:13+00:00\",\"dateModified\":\"2025-09-16T19:00:32+00:00\",\"breadcrumb\":{\"@id\":\"https:\/\/kozleo.lkg-bp.hu\/?page_id=184#breadcrumb\"},\"inLanguage\":\"hu\",\"potentialAction\":[{\"@type\":\"ReadAction\",\"target\":[\"https:\/\/kozleo.lkg-bp.hu\/?page_id=184\"]}]},{\"@type\":\"ImageObject\",\"inLanguage\":\"hu\",\"@id\":\"https:\/\/kozleo.lkg-bp.hu\/?page_id=184#primaryimage\",\"url\":\"https:\/\/kozleo.lkg-bp.hu\/wp-content\/uploads\/2023\/11\/kozleo-poster-min-scaled.jpg\",\"contentUrl\":\"https:\/\/kozleo.lkg-bp.hu\/wp-content\/uploads\/2023\/11\/kozleo-poster-min-scaled.jpg\",\"width\":1810,\"height\":2560},{\"@type\":\"BreadcrumbList\",\"@id\":\"https:\/\/kozleo.lkg-bp.hu\/?page_id=184#breadcrumb\",\"itemListElement\":[{\"@type\":\"ListItem\",\"position\":1,\"name\":\"Kezd\u0151lap\",\"item\":\"https:\/\/kozleo.lkg-bp.hu\/\"},{\"@type\":\"ListItem\",\"position\":2,\"name\":\"R\u00f3lunk\"}]},{\"@type\":\"WebSite\",\"@id\":\"https:\/\/kozleo.lkg-bp.hu\/#website\",\"url\":\"https:\/\/kozleo.lkg-bp.hu\/\",\"name\":\"K\u00f6zLe\u00f6\",\"description\":\"A Le\u00f6vey Kl\u00e1ra Gimn\u00e1zium online di\u00e1k\u00fajs\u00e1gja\",\"publisher\":{\"@id\":\"https:\/\/kozleo.lkg-bp.hu\/#organization\"},\"potentialAction\":[{\"@type\":\"SearchAction\",\"target\":{\"@type\":\"EntryPoint\",\"urlTemplate\":\"https:\/\/kozleo.lkg-bp.hu\/?s={search_term_string}\"},\"query-input\":\"required name=search_term_string\"}],\"inLanguage\":\"hu\"},{\"@type\":\"Organization\",\"@id\":\"https:\/\/kozleo.lkg-bp.hu\/#organization\",\"name\":\"K\u00f6zLe\u00f6\",\"url\":\"https:\/\/kozleo.lkg-bp.hu\/\",\"logo\":{\"@type\":\"ImageObject\",\"inLanguage\":\"hu\",\"@id\":\"https:\/\/kozleo.lkg-bp.hu\/#\/schema\/logo\/image\/\",\"url\":\"https:\/\/kozleo.lkg-bp.hu\/wp-content\/uploads\/2022\/12\/suliujsag1-01_512x512px.png\",\"contentUrl\":\"https:\/\/kozleo.lkg-bp.hu\/wp-content\/uploads\/2022\/12\/suliujsag1-01_512x512px.png\",\"width\":512,\"height\":512,\"caption\":\"K\u00f6zLe\u00f6\"},\"image\":{\"@id\":\"https:\/\/kozleo.lkg-bp.hu\/#\/schema\/logo\/image\/\"},\"sameAs\":[\"https:\/\/instagram.com\/kozleo_suliujsag\"]}]}<\/script>\n<!-- \/ Yoast SEO plugin. -->","yoast_head_json":{"title":"R\u00f3lunk - K\u00f6zLe\u00f6","robots":{"index":"index","follow":"follow","max-snippet":"max-snippet:-1","max-image-preview":"max-image-preview:large","max-video-preview":"max-video-preview:-1"},"canonical":"https:\/\/kozleo.lkg-bp.hu\/?page_id=184","og_locale":"hu_HU","og_type":"article","og_title":"R\u00f3lunk - K\u00f6zLe\u00f6","og_description":"Le\u00f6veyLap, ALap, Le\u00f6Lap, Clara Lux, most K\u00f6zLe\u00f6. Ezzel a n\u00e9vvel sz\u00fcletik \u00fajj\u00e1\/folytat\u00f3dik az LKG-r\u00f3l sz\u00f3l\u00f3 di\u00e1k\u00fajs\u00e1g. Iskol\u00e1nk eredm\u00e9nyes iskol\u00e1nak mondhat\u00f3, a felv\u00e9teliz\u0151 \u00e9s versenyz\u0151 di\u00e1kokb\u00f3l kiindulva. Az eredm\u00e9nyess\u00e9g\u00fcnk\u00e9rt \u2013 hogy...","og_url":"https:\/\/kozleo.lkg-bp.hu\/?page_id=184","og_site_name":"K\u00f6zLe\u00f6","article_modified_time":"2025-09-16T19:00:32+00:00","og_image":[{"url":"https:\/\/kozleo.lkg-bp.hu\/wp-content\/uploads\/2023\/11\/kozleo-poster-min-724x1024.jpg"}],"twitter_card":"summary_large_image","twitter_misc":{"Becs\u00fclt olvas\u00e1si id\u0151":"2 perc"},"schema":{"@context":"https:\/\/schema.org","@graph":[{"@type":"WebPage","@id":"https:\/\/kozleo.lkg-bp.hu\/?page_id=184","url":"https:\/\/kozleo.lkg-bp.hu\/?page_id=184","name":"R\u00f3lunk - K\u00f6zLe\u00f6","isPartOf":{"@id":"https:\/\/kozleo.lkg-bp.hu\/#website"},"primaryImageOfPage":{"@id":"https:\/\/kozleo.lkg-bp.hu\/?page_id=184#primaryimage"},"image":{"@id":"https:\/\/kozleo.lkg-bp.hu\/?page_id=184#primaryimage"},"thumbnailUrl":"https:\/\/kozleo.lkg-bp.hu\/wp-content\/uploads\/2023\/11\/kozleo-poster-min-724x1024.jpg","datePublished":"2023-01-12T11:22:13+00:00","dateModified":"2025-09-16T19:00:32+00:00","breadcrumb":{"@id":"https:\/\/kozleo.lkg-bp.hu\/?page_id=184#breadcrumb"},"inLanguage":"hu","potentialAction":[{"@type":"ReadAction","target":["https:\/\/kozleo.lkg-bp.hu\/?page_id=184"]}]},{"@type":"ImageObject","inLanguage":"hu","@id":"https:\/\/kozleo.lkg-bp.hu\/?page_id=184#primaryimage","url":"https:\/\/kozleo.lkg-bp.hu\/wp-content\/uploads\/2023\/11\/kozleo-poster-min-scaled.jpg","contentUrl":"https:\/\/kozleo.lkg-bp.hu\/wp-content\/uploads\/2023\/11\/kozleo-poster-min-scaled.jpg","width":1810,"height":2560},{"@type":"BreadcrumbList","@id":"https:\/\/kozleo.lkg-bp.hu\/?page_id=184#breadcrumb","itemListElement":[{"@type":"ListItem","position":1,"name":"Kezd\u0151lap","item":"https:\/\/kozleo.lkg-bp.hu\/"},{"@type":"ListItem","position":2,"name":"R\u00f3lunk"}]},{"@type":"WebSite","@id":"https:\/\/kozleo.lkg-bp.hu\/#website","url":"https:\/\/kozleo.lkg-bp.hu\/","name":"K\u00f6zLe\u00f6","description":"A Le\u00f6vey Kl\u00e1ra Gimn\u00e1zium online di\u00e1k\u00fajs\u00e1gja","publisher":{"@id":"https:\/\/kozleo.lkg-bp.hu\/#organization"},"potentialAction":[{"@type":"SearchAction","target":{"@type":"EntryPoint","urlTemplate":"https:\/\/kozleo.lkg-bp.hu\/?s={search_term_string}"},"query-input":"required name=search_term_string"}],"inLanguage":"hu"},{"@type":"Organization","@id":"https:\/\/kozleo.lkg-bp.hu\/#organization","name":"K\u00f6zLe\u00f6","url":"https:\/\/kozleo.lkg-bp.hu\/","logo":{"@type":"ImageObject","inLanguage":"hu","@id":"https:\/\/kozleo.lkg-bp.hu\/#\/schema\/logo\/image\/","url":"https:\/\/kozleo.lkg-bp.hu\/wp-content\/uploads\/2022\/12\/suliujsag1-01_512x512px.png","contentUrl":"https:\/\/kozleo.lkg-bp.hu\/wp-content\/uploads\/2022\/12\/suliujsag1-01_512x512px.png","width":512,"height":512,"caption":"K\u00f6zLe\u00f6"},"image":{"@id":"https:\/\/kozleo.lkg-bp.hu\/#\/schema\/logo\/image\/"},"sameAs":["https:\/\/instagram.com\/kozleo_suliujsag"]}]}},"_links":{"self":[{"href":"https:\/\/kozleo.lkg-bp.hu\/index.php?rest_route=\/wp\/v2\/pages\/184","targetHints":{"allow":["GET"]}}],"collection":[{"href":"https:\/\/kozleo.lkg-bp.hu\/index.php?rest_route=\/wp\/v2\/pages"}],"about":[{"href":"https:\/\/kozleo.lkg-bp.hu\/index.php?rest_route=\/wp\/v2\/types\/page"}],"author":[{"embeddable":true,"href":"https:\/\/kozleo.lkg-bp.hu\/index.php?rest_route=\/wp\/v2\/users\/2"}],"replies":[{"embeddable":true,"href":"https:\/\/kozleo.lkg-bp.hu\/index.php?rest_route=%2Fwp%2Fv2%2Fcomments&post=184"}],"version-history":[{"count":36,"href":"https:\/\/kozleo.lkg-bp.hu\/index.php?rest_route=\/wp\/v2\/pages\/184\/revisions"}],"predecessor-version":[{"id":1439,"href":"https:\/\/kozleo.lkg-bp.hu\/index.php?rest_route=\/wp\/v2\/pages\/184\/revisions\/1439"}],"wp:attachment":[{"href":"https:\/\/kozleo.lkg-bp.hu\/index.php?rest_route=%2Fwp%2Fv2%2Fmedia&parent=184"}],"curies":[{"name":"wp","href":"https:\/\/api.w.org\/{rel}","templated":true}]}}